{"id":960,"date":"2022-07-11T13:18:29","date_gmt":"2022-07-11T13:18:29","guid":{"rendered":"https:\/\/btgumiabroncs.hu\/?page_id=960"},"modified":"2026-02-28T17:06:07","modified_gmt":"2026-02-28T17:06:07","slug":"arlista","status":"publish","type":"page","link":"https:\/\/btgumiabroncs.hu\/?page_id=960","title":{"rendered":"\u00c1rlista"},"content":{"rendered":"<style>\/*! elementor - v3.6.7 - 03-07-2022 *\/\n.elementor-heading-title{padding:0;margin:0;line-height:1}.elementor-widget-heading .elementor-heading-title[class*=elementor-size-]>a{color:inherit;font-size:inherit;line-height:inherit}.elementor-widget-heading .elementor-heading-title.elementor-size-small{font-size:15px}.elementor-widget-heading .elementor-heading-title.elementor-size-medium{font-size:19px}.elementor-widget-heading .elementor-heading-title.elementor-size-large{font-size:29px}.elementor-widget-heading .elementor-heading-title.elementor-size-xl{font-size:39px}.elementor-widget-heading .elementor-heading-title.elementor-size-xxl{font-size:59px}<\/style>\n<h2>-\u00c1raink-<\/h2>\n<h2>Loading&#8230;..<br \/>\nFelt\u00f6lt\u00e9s alatt<\/h2>\n<h2>\u00c1rak brutt\u00f3ban \u00e9rtend\u0151ek<\/h2>\n<link rel=\"stylesheet\" href=\"http:\/\/btgumiabroncs.hu\/wp-content\/plugins\/elementor\/assets\/css\/widget-icon-box.min.css\">\n<h3>\n\t\t\t\t\t\tTelefon<br \/>\n\t\t\t\t<\/h3>\n<p>\n\t\t\t\t\t\t+36705154267\t\t\t\t\t<\/p>\n<style>\/*! elementor - v3.6.7 - 03-07-2022 *\/\n.elementor-widget-image{text-align:center}.elementor-widget-image a{display:inline-block}.elementor-widget-image a img[src$=\".svg\"]{width:48px}.elementor-widget-image img{vertical-align:middle;display:inline-block}<\/style>\n<p>\t\t\t\t\t\t\t\t\t\t\t\t<img decoding=\"async\" width=\"640\" height=\"640\" src=\"https:\/\/btgumiabroncs.hu\/wp-content\/uploads\/2022\/07\/IMG_9520.jpg\" alt=\"\" loading=\"lazy\" srcset=\"https:\/\/btgumiabroncs.hu\/wp-content\/uploads\/2022\/07\/IMG_9520.jpg 640w, https:\/\/btgumiabroncs.hu\/wp-content\/uploads\/2022\/07\/IMG_9520-300x300.jpg 300w, https:\/\/btgumiabroncs.hu\/wp-content\/uploads\/2022\/07\/IMG_9520-150x150.jpg 150w, https:\/\/btgumiabroncs.hu\/wp-content\/uploads\/2022\/07\/IMG_9520-600x600.jpg 600w\" sizes=\"auto, (max-width: 640px) 100vw, 640px\" \/><br \/>\n\t\t\t<a href=\"https:\/\/www.facebook.com\/gumiabroncsszerviz\/\"><br \/>\n\t\t\t\t\t\t<\/a><br \/>\n\t\t\t<a href=\"https:\/\/www.google.com\/maps\/place\/BT+gumiabroncs+szerviz\/@48.0543928,20.3391804,16.75z\/data=!4m5!3m4!1s0x4740878116159d1d:0x731ae134684bc810!8m2!3d48.0545807!4d20.3409448\"><br \/>\n\t\t\t\t\t\t<\/a><br \/>\n\t\t\t<a href=\"http:\/\/btgumiabroncs@outlook.com\"><br \/>\n\t\t\t\t\t\t<\/a><\/p>\n<p style=\"text-align: center;\">@2022 Minden jog fenntartva<\/p>\n","protected":false},"excerpt":{"rendered":"<p>-\u00c1raink- Loading&#8230;.. Felt\u00f6lt\u00e9s alatt \u00c1rak brutt\u00f3ban \u00e9rtend\u0151ek Telefon +36705154267 @2022 Minden jog fenntartva<\/p>\n","protected":false},"author":1,"featured_media":0,"parent":0,"menu_order":0,"comment_status":"closed","ping_status":"closed","template":"","meta":{"footnotes":""},"class_list":["post-960","page","type-page","status-publish","hentry","entry"],"_links":{"self":[{"href":"https:\/\/btgumiabroncs.hu\/index.php?rest_route=\/wp\/v2\/pages\/960","targetHints":{"allow":["GET"]}}],"collection":[{"href":"https:\/\/btgumiabroncs.hu\/index.php?rest_route=\/wp\/v2\/pages"}],"about":[{"href":"https:\/\/btgumiabroncs.hu\/index.php?rest_route=\/wp\/v2\/types\/page"}],"author":[{"embeddable":true,"href":"https:\/\/btgumiabroncs.hu\/index.php?rest_route=\/wp\/v2\/users\/1"}],"replies":[{"embeddable":true,"href":"https:\/\/btgumiabroncs.hu\/index.php?rest_route=%2Fwp%2Fv2%2Fcomments&post=960"}],"version-history":[{"count":148,"href":"https:\/\/btgumiabroncs.hu\/index.php?rest_route=\/wp\/v2\/pages\/960\/revisions"}],"predecessor-version":[{"id":2308,"href":"https:\/\/btgumiabroncs.hu\/index.php?rest_route=\/wp\/v2\/pages\/960\/revisions\/2308"}],"wp:attachment":[{"href":"https:\/\/btgumiabroncs.hu\/index.php?rest_route=%2Fwp%2Fv2%2Fmedia&parent=960"}],"curies":[{"name":"wp","href":"https:\/\/api.w.org\/{rel}","templated":true}]}}