{"id":959,"date":"2022-07-11T13:18:29","date_gmt":"2022-07-11T13:18:29","guid":{"rendered":"https:\/\/btgumiabroncs.hu\/?page_id=959"},"modified":"2023-01-12T10:06:14","modified_gmt":"2023-01-12T10:06:14","slug":"szelvedojavitas","status":"publish","type":"page","link":"https:\/\/btgumiabroncs.hu\/?page_id=959","title":{"rendered":"Sz\u00e9lv\u00e9d\u0151jav\u00edt\u00e1s"},"content":{"rendered":"\t\t<div data-elementor-type=\"wp-page\" data-elementor-id=\"959\" class=\"elementor elementor-959\">\n\t\t\t\t\t\t\t\t\t<section class=\"elementor-section elementor-top-section elementor-element elementor-element-8ce94dd elementor-section-content-middle elementor-section-boxed elementor-section-height-default elementor-section-height-default\" data-id=\"8ce94dd\" data-element_type=\"section\" data-settings=\"{&quot;animation_mobile&quot;:&quot;none&quot;}\">\n\t\t\t\t\t\t\t<div class=\"elementor-background-overlay\"><\/div>\n\t\t\t\t\t\t\t<div class=\"elementor-container elementor-column-gap-custom\">\n\t\t\t\t\t<div class=\"elementor-column elementor-col-100 elementor-top-column elementor-element elementor-element-aa5cd9e\" data-id=\"aa5cd9e\" data-element_type=\"column\">\n\t\t\t<div class=\"elementor-widget-wrap elementor-element-populated\">\n\t\t\t\t\t\t\t\t<div class=\"elementor-element elementor-element-68b66ab elementor-absolute elementor-invisible elementor-widget elementor-widget-heading\" data-id=\"68b66ab\" data-element_type=\"widget\" data-settings=\"{&quot;_animation&quot;:&quot;bounce&quot;,&quot;_position&quot;:&quot;absolute&quot;}\" data-widget_type=\"heading.default\">\n\t\t\t\t<div class=\"elementor-widget-container\">\n\t\t\t<style>\/*! elementor - v3.6.7 - 03-07-2022 *\/\n.elementor-heading-title{padding:0;margin:0;line-height:1}.elementor-widget-heading .elementor-heading-title[class*=elementor-size-]>a{color:inherit;font-size:inherit;line-height:inherit}.elementor-widget-heading .elementor-heading-title.elementor-size-small{font-size:15px}.elementor-widget-heading .elementor-heading-title.elementor-size-medium{font-size:19px}.elementor-widget-heading .elementor-heading-title.elementor-size-large{font-size:29px}.elementor-widget-heading .elementor-heading-title.elementor-size-xl{font-size:39px}.elementor-widget-heading .elementor-heading-title.elementor-size-xxl{font-size:59px}<\/style><h2 class=\"elementor-heading-title elementor-size-default\">-Sz\u00e9lv\u00e9d\u0151jav\u00edt\u00e1s-<\/h2>\t\t<\/div>\n\t\t\t\t<\/div>\n\t\t\t\t\t<\/div>\n\t\t<\/div>\n\t\t\t\t\t\t\t<\/div>\n\t\t<\/section>\n\t\t\t\t<section class=\"elementor-section elementor-top-section elementor-element elementor-element-c1fe3c9 elementor-section-boxed elementor-section-height-default elementor-section-height-default\" data-id=\"c1fe3c9\" data-element_type=\"section\">\n\t\t\t\t\t\t<div class=\"elementor-container elementor-column-gap-default\">\n\t\t\t\t\t<div class=\"elementor-column elementor-col-50 elementor-top-column elementor-element elementor-element-c96ba23\" data-id=\"c96ba23\" data-element_type=\"column\">\n\t\t\t<div class=\"elementor-widget-wrap elementor-element-populated\">\n\t\t\t\t\t\t\t\t<div class=\"elementor-element elementor-element-25a83db elementor-widget elementor-widget-image\" data-id=\"25a83db\" data-element_type=\"widget\" data-widget_type=\"image.default\">\n\t\t\t\t<div class=\"elementor-widget-container\">\n\t\t\t<style>\/*! elementor - v3.6.7 - 03-07-2022 *\/\n.elementor-widget-image{text-align:center}.elementor-widget-image a{display:inline-block}.elementor-widget-image a img[src$=\".svg\"]{width:48px}.elementor-widget-image img{vertical-align:middle;display:inline-block}<\/style>\t\t\t\t\t\t\t\t\t\t\t\t<img loading=\"lazy\" decoding=\"async\" width=\"1024\" height=\"1024\" src=\"https:\/\/btgumiabroncs.hu\/wp-content\/uploads\/2022\/07\/IMG_2107-1024x1024.jpg\" class=\"attachment-large size-large\" alt=\"\" srcset=\"https:\/\/btgumiabroncs.hu\/wp-content\/uploads\/2022\/07\/IMG_2107-1024x1024.jpg 1024w, https:\/\/btgumiabroncs.hu\/wp-content\/uploads\/2022\/07\/IMG_2107-300x300.jpg 300w, https:\/\/btgumiabroncs.hu\/wp-content\/uploads\/2022\/07\/IMG_2107-150x150.jpg 150w, https:\/\/btgumiabroncs.hu\/wp-content\/uploads\/2022\/07\/IMG_2107-768x768.jpg 768w, https:\/\/btgumiabroncs.hu\/wp-content\/uploads\/2022\/07\/IMG_2107-600x600.jpg 600w, https:\/\/btgumiabroncs.hu\/wp-content\/uploads\/2022\/07\/IMG_2107.jpg 1280w\" sizes=\"auto, (max-width: 1024px) 100vw, 1024px\" \/>\t\t\t\t\t\t\t\t\t\t\t\t\t\t\t<\/div>\n\t\t\t\t<\/div>\n\t\t\t\t\t<\/div>\n\t\t<\/div>\n\t\t\t\t<div class=\"elementor-column elementor-col-50 elementor-top-column elementor-element elementor-element-ff9aa5e\" data-id=\"ff9aa5e\" data-element_type=\"column\">\n\t\t\t<div class=\"elementor-widget-wrap elementor-element-populated\">\n\t\t\t\t\t\t\t\t<div class=\"elementor-element elementor-element-6eaa209 elementor-widget elementor-widget-image\" data-id=\"6eaa209\" data-element_type=\"widget\" data-widget_type=\"image.default\">\n\t\t\t\t<div class=\"elementor-widget-container\">\n\t\t\t\t\t\t\t\t\t\t\t\t\t\t\t<img loading=\"lazy\" decoding=\"async\" width=\"1024\" height=\"1024\" src=\"https:\/\/btgumiabroncs.hu\/wp-content\/uploads\/2022\/07\/IMG_1712-1-1024x1024.jpg\" class=\"attachment-large size-large\" alt=\"\" srcset=\"https:\/\/btgumiabroncs.hu\/wp-content\/uploads\/2022\/07\/IMG_1712-1-1024x1024.jpg 1024w, https:\/\/btgumiabroncs.hu\/wp-content\/uploads\/2022\/07\/IMG_1712-1-300x300.jpg 300w, https:\/\/btgumiabroncs.hu\/wp-content\/uploads\/2022\/07\/IMG_1712-1-150x150.jpg 150w, https:\/\/btgumiabroncs.hu\/wp-content\/uploads\/2022\/07\/IMG_1712-1-768x768.jpg 768w, https:\/\/btgumiabroncs.hu\/wp-content\/uploads\/2022\/07\/IMG_1712-1-600x600.jpg 600w, https:\/\/btgumiabroncs.hu\/wp-content\/uploads\/2022\/07\/IMG_1712-1.jpg 1280w\" sizes=\"auto, (max-width: 1024px) 100vw, 1024px\" \/>\t\t\t\t\t\t\t\t\t\t\t\t\t\t\t<\/div>\n\t\t\t\t<\/div>\n\t\t\t\t\t<\/div>\n\t\t<\/div>\n\t\t\t\t\t\t\t<\/div>\n\t\t<\/section>\n\t\t\t\t<section class=\"elementor-section elementor-top-section elementor-element elementor-element-4464065 elementor-section-boxed elementor-section-height-default elementor-section-height-default\" data-id=\"4464065\" data-element_type=\"section\">\n\t\t\t\t\t\t<div class=\"elementor-container elementor-column-gap-default\">\n\t\t\t\t\t<div class=\"elementor-column elementor-col-33 elementor-top-column elementor-element elementor-element-c03e888\" data-id=\"c03e888\" data-element_type=\"column\">\n\t\t\t<div class=\"elementor-widget-wrap elementor-element-populated\">\n\t\t\t\t\t\t\t\t<div class=\"elementor-element elementor-element-f35de55 elementor-widget elementor-widget-image\" data-id=\"f35de55\" data-element_type=\"widget\" data-widget_type=\"image.default\">\n\t\t\t\t<div class=\"elementor-widget-container\">\n\t\t\t\t\t\t\t\t\t\t\t\t\t\t\t<img loading=\"lazy\" decoding=\"async\" width=\"1024\" height=\"1024\" src=\"https:\/\/btgumiabroncs.hu\/wp-content\/uploads\/2022\/07\/IMG_3136-1024x1024.jpg\" class=\"attachment-large size-large\" alt=\"\" srcset=\"https:\/\/btgumiabroncs.hu\/wp-content\/uploads\/2022\/07\/IMG_3136-1024x1024.jpg 1024w, https:\/\/btgumiabroncs.hu\/wp-content\/uploads\/2022\/07\/IMG_3136-300x300.jpg 300w, https:\/\/btgumiabroncs.hu\/wp-content\/uploads\/2022\/07\/IMG_3136-150x150.jpg 150w, https:\/\/btgumiabroncs.hu\/wp-content\/uploads\/2022\/07\/IMG_3136-768x768.jpg 768w, https:\/\/btgumiabroncs.hu\/wp-content\/uploads\/2022\/07\/IMG_3136-600x600.jpg 600w, https:\/\/btgumiabroncs.hu\/wp-content\/uploads\/2022\/07\/IMG_3136.jpg 1280w\" sizes=\"auto, (max-width: 1024px) 100vw, 1024px\" \/>\t\t\t\t\t\t\t\t\t\t\t\t\t\t\t<\/div>\n\t\t\t\t<\/div>\n\t\t\t\t\t<\/div>\n\t\t<\/div>\n\t\t\t\t<div class=\"elementor-column elementor-col-33 elementor-top-column elementor-element elementor-element-ffa3fbf\" data-id=\"ffa3fbf\" data-element_type=\"column\">\n\t\t\t<div class=\"elementor-widget-wrap elementor-element-populated\">\n\t\t\t\t\t\t\t\t<div class=\"elementor-element elementor-element-60fb708 elementor-widget elementor-widget-image\" data-id=\"60fb708\" data-element_type=\"widget\" data-widget_type=\"image.default\">\n\t\t\t\t<div class=\"elementor-widget-container\">\n\t\t\t\t\t\t\t\t\t\t\t\t\t\t\t<img loading=\"lazy\" decoding=\"async\" width=\"1024\" height=\"1024\" src=\"https:\/\/btgumiabroncs.hu\/wp-content\/uploads\/2022\/07\/IMG_3778-1024x1024.jpg\" class=\"attachment-large size-large\" alt=\"\" srcset=\"https:\/\/btgumiabroncs.hu\/wp-content\/uploads\/2022\/07\/IMG_3778-1024x1024.jpg 1024w, https:\/\/btgumiabroncs.hu\/wp-content\/uploads\/2022\/07\/IMG_3778-300x300.jpg 300w, https:\/\/btgumiabroncs.hu\/wp-content\/uploads\/2022\/07\/IMG_3778-150x150.jpg 150w, https:\/\/btgumiabroncs.hu\/wp-content\/uploads\/2022\/07\/IMG_3778-768x768.jpg 768w, https:\/\/btgumiabroncs.hu\/wp-content\/uploads\/2022\/07\/IMG_3778-600x600.jpg 600w, https:\/\/btgumiabroncs.hu\/wp-content\/uploads\/2022\/07\/IMG_3778.jpg 1280w\" sizes=\"auto, (max-width: 1024px) 100vw, 1024px\" \/>\t\t\t\t\t\t\t\t\t\t\t\t\t\t\t<\/div>\n\t\t\t\t<\/div>\n\t\t\t\t\t<\/div>\n\t\t<\/div>\n\t\t\t\t<div class=\"elementor-column elementor-col-33 elementor-top-column elementor-element elementor-element-da628dc\" data-id=\"da628dc\" data-element_type=\"column\">\n\t\t\t<div class=\"elementor-widget-wrap elementor-element-populated\">\n\t\t\t\t\t\t\t\t<div class=\"elementor-element elementor-element-05bc4cb elementor-widget elementor-widget-image\" data-id=\"05bc4cb\" data-element_type=\"widget\" data-widget_type=\"image.default\">\n\t\t\t\t<div class=\"elementor-widget-container\">\n\t\t\t\t\t\t\t\t\t\t\t\t\t\t\t<img loading=\"lazy\" decoding=\"async\" width=\"1024\" height=\"1024\" src=\"https:\/\/btgumiabroncs.hu\/wp-content\/uploads\/2022\/07\/IMG_2935-1024x1024.jpg\" class=\"attachment-large size-large\" alt=\"\" srcset=\"https:\/\/btgumiabroncs.hu\/wp-content\/uploads\/2022\/07\/IMG_2935-1024x1024.jpg 1024w, https:\/\/btgumiabroncs.hu\/wp-content\/uploads\/2022\/07\/IMG_2935-300x300.jpg 300w, https:\/\/btgumiabroncs.hu\/wp-content\/uploads\/2022\/07\/IMG_2935-150x150.jpg 150w, https:\/\/btgumiabroncs.hu\/wp-content\/uploads\/2022\/07\/IMG_2935-768x768.jpg 768w, https:\/\/btgumiabroncs.hu\/wp-content\/uploads\/2022\/07\/IMG_2935-600x600.jpg 600w, https:\/\/btgumiabroncs.hu\/wp-content\/uploads\/2022\/07\/IMG_2935.jpg 1280w\" sizes=\"auto, (max-width: 1024px) 100vw, 1024px\" \/>\t\t\t\t\t\t\t\t\t\t\t\t\t\t\t<\/div>\n\t\t\t\t<\/div>\n\t\t\t\t\t<\/div>\n\t\t<\/div>\n\t\t\t\t\t\t\t<\/div>\n\t\t<\/section>\n\t\t\t\t<section class=\"elementor-section elementor-top-section elementor-element elementor-element-a492d10 elementor-section-boxed elementor-section-height-default elementor-section-height-default\" data-id=\"a492d10\" data-element_type=\"section\">\n\t\t\t\t\t\t\t<div class=\"elementor-background-overlay\"><\/div>\n\t\t\t\t\t\t\t<div class=\"elementor-container elementor-column-gap-default\">\n\t\t\t\t\t<div class=\"elementor-column elementor-col-100 elementor-top-column elementor-element elementor-element-92d8b66\" data-id=\"92d8b66\" data-element_type=\"column\">\n\t\t\t<div class=\"elementor-widget-wrap elementor-element-populated\">\n\t\t\t\t\t\t\t\t<div class=\"elementor-element elementor-element-988b5ad elementor-widget elementor-widget-text-editor\" data-id=\"988b5ad\" data-element_type=\"widget\" data-widget_type=\"text-editor.default\">\n\t\t\t\t<div class=\"elementor-widget-container\">\n\t\t\t<style>\/*! elementor - v3.6.7 - 03-07-2022 *\/\n.elementor-widget-text-editor.elementor-drop-cap-view-stacked .elementor-drop-cap{background-color:#818a91;color:#fff}.elementor-widget-text-editor.elementor-drop-cap-view-framed .elementor-drop-cap{color:#818a91;border:3px solid;background-color:transparent}.elementor-widget-text-editor:not(.elementor-drop-cap-view-default) .elementor-drop-cap{margin-top:8px}.elementor-widget-text-editor:not(.elementor-drop-cap-view-default) .elementor-drop-cap-letter{width:1em;height:1em}.elementor-widget-text-editor .elementor-drop-cap{float:left;text-align:center;line-height:1;font-size:50px}.elementor-widget-text-editor .elementor-drop-cap-letter{display:inline-block}<\/style>\t\t\t\t<div dir=\"auto\"><p style=\"text-align: center;\">\u00a0 A k\u00e1ty\u00fa k\u00e9pz\u0151d\u00e9s, a gumiabroncsokba szorult kavicsok, k\u00fcl\u00f6nf\u00e9le t\u00e1rgyak miatt &#8230; \u00e9s m\u00e9g sok m\u00e1s dolog okozhat s\u00e9r\u00fcl\u00e9st az aut\u00f3k sz\u00e9lv\u00e9d\u0151in. A t\u00e9li fagyok miatt a k\u0151felver\u0151d\u00e9sek k\u00f6nnyen okozhatj\u00e1k a sz\u00e9lv\u00e9d\u0151k \u00e9lettartam\u00e1nak v\u00e9g\u00e9t, hiszen ha a nedvess\u00e9g belefagy ,t\u00e9rfogat n\u00f6veked\u00e9s zajl\u00f3dik le ami fesz\u00fclts\u00e9get okoz a s\u00e9r\u00fcl\u00e9sben, \u00e9s ez \u00e1ltal tov\u00e1bb reped. A ny\u00e1ri kl\u00edma haszn\u00e1lat sem tesz j\u00f3t a s\u00e9r\u00fclt sz\u00e9lv\u00e9d\u0151knek hiszem a melegben az \u00fcveg t\u00e1gul, \u00edgy a reped\u00e9sek megny\u00edlnak \u00e9s menthetetlen\u00fcl tov\u00e1bb repedhetnek. Szerencs\u00e9re a s\u00e9r\u00fcl\u00e9sek nagyobb r\u00e9sze jav\u00edthat\u00f3.<\/p><p>\u00a0 <strong>\u00a0A jav\u00edt\u00e1s folyamata:<\/strong><\/p><\/div><div dir=\"auto\">\u00a0 A kavics vagy egy\u00e9b s\u00e9r\u00fcl\u00e9st okoz\u00f3 t\u00e1rgyak, bemeneti ny\u00edl\u00e1s\u00e1t ,kitiszt\u00edtjuk \u00fcveg f\u00far\u00f3val, a reped\u00e9sek v\u00e9geit lef\u00farjuk. Azt\u00e1n a s\u00e9r\u00fcl\u00e9s epicentrum\u00e1hoz k\u00f6zel felhelyez\u00fcnk egy jav\u00edt\u00f3 szersz\u00e1mot ,\u00e9s felt\u00f6ltj\u00fck ragaszt\u00f3 anyaggal. A szersz\u00e1m l\u00e9gmentesen lez\u00e1rja a s\u00e9r\u00fcl\u00e9st, a lez\u00e1r\u00e1s sor\u00e1n keletkezett leveg\u0151r\u00e9st kisz\u00edvjuk a lez\u00e1rt s\u00e9r\u00fcl\u00e9sb\u0151l ,hogy a ragaszt\u00f3 l\u00e9gmentesen a legkisebb r\u00e9sekbe is betudjon sziv\u00e1rogni! Ha ez k\u00e9sz, egy fed\u0151gyant\u00e1nak nevezett ragaszt\u00f3 tipust helyez\u00fcnk a s\u00e9r\u00fcl\u00e9sre ami m\u00e1r ilyenkor felt\u00f6lt\u0151d\u00f6tt. Majd az eg\u00e9szet UV l\u00e1mp\u00e1val megsz\u00e1r\u00edtjuk \u00e9s a jav\u00edt\u00e1s hely\u00e9t a megl\u00e9v\u0151 sz\u00e9lv\u00e9d\u0151 s\u00edkj\u00e1ba csiszoljuk\u00a0<\/div><div dir=\"auto\">\u00a0 A m\u0171velet id\u0151tartama s\u00e9r\u00fcl\u00e9s f\u00fcgg\u0151 30-60percet vesz maximum ig\u00e9nybe.<\/div>\t\t\t\t\t\t<\/div>\n\t\t\t\t<\/div>\n\t\t\t\t\t<\/div>\n\t\t<\/div>\n\t\t\t\t\t\t\t<\/div>\n\t\t<\/section>\n\t\t\t\t<section class=\"elementor-section elementor-top-section elementor-element elementor-element-10fd66a elementor-section-boxed elementor-section-height-default elementor-section-height-default\" data-id=\"10fd66a\" data-element_type=\"section\">\n\t\t\t\t\t\t<div class=\"elementor-container elementor-column-gap-default\">\n\t\t\t\t\t<div class=\"elementor-column elementor-col-100 elementor-top-column elementor-element elementor-element-7ab5f7d\" data-id=\"7ab5f7d\" data-element_type=\"column\">\n\t\t\t<div class=\"elementor-widget-wrap elementor-element-populated\">\n\t\t\t\t\t\t\t\t<div class=\"elementor-element elementor-element-8f33046 elementor-widget elementor-widget-text-editor\" data-id=\"8f33046\" data-element_type=\"widget\" data-widget_type=\"text-editor.default\">\n\t\t\t\t<div class=\"elementor-widget-container\">\n\t\t\t\t\t\t\t\t\t\t\t\t\t<\/div>\n\t\t\t\t<\/div>\n\t\t\t\t\t<\/div>\n\t\t<\/div>\n\t\t\t\t\t\t\t<\/div>\n\t\t<\/section>\n\t\t\t\t<section class=\"elementor-section elementor-top-section elementor-element elementor-element-f76549a elementor-section-boxed elementor-section-height-default elementor-section-height-default\" data-id=\"f76549a\" data-element_type=\"section\">\n\t\t\t\t\t\t<div class=\"elementor-container elementor-column-gap-default\">\n\t\t\t\t\t<div class=\"elementor-column elementor-col-100 elementor-top-column elementor-element elementor-element-22fa7e4\" data-id=\"22fa7e4\" data-element_type=\"column\">\n\t\t\t<div class=\"elementor-widget-wrap elementor-element-populated\">\n\t\t\t\t\t\t\t\t<div class=\"elementor-element elementor-element-41de338 elementor-widget elementor-widget-image\" data-id=\"41de338\" data-element_type=\"widget\" data-widget_type=\"image.default\">\n\t\t\t\t<div class=\"elementor-widget-container\">\n\t\t\t\t\t\t\t\t\t\t\t\t\t\t\t<img loading=\"lazy\" decoding=\"async\" width=\"640\" height=\"640\" src=\"https:\/\/btgumiabroncs.hu\/wp-content\/uploads\/2022\/07\/IMG_9520.jpg\" class=\"attachment-large size-large\" alt=\"\" srcset=\"https:\/\/btgumiabroncs.hu\/wp-content\/uploads\/2022\/07\/IMG_9520.jpg 640w, https:\/\/btgumiabroncs.hu\/wp-content\/uploads\/2022\/07\/IMG_9520-300x300.jpg 300w, https:\/\/btgumiabroncs.hu\/wp-content\/uploads\/2022\/07\/IMG_9520-150x150.jpg 150w, https:\/\/btgumiabroncs.hu\/wp-content\/uploads\/2022\/07\/IMG_9520-600x600.jpg 600w\" sizes=\"auto, (max-width: 640px) 100vw, 640px\" \/>\t\t\t\t\t\t\t\t\t\t\t\t\t\t\t<\/div>\n\t\t\t\t<\/div>\n\t\t\t\t\t<\/div>\n\t\t<\/div>\n\t\t\t\t\t\t\t<\/div>\n\t\t<\/section>\n\t\t\t\t<section class=\"elementor-section elementor-top-section elementor-element elementor-element-2f89053c elementor-section-content-middle elementor-section-boxed elementor-section-height-default elementor-section-height-default\" data-id=\"2f89053c\" data-element_type=\"section\">\n\t\t\t\t\t\t<div class=\"elementor-container elementor-column-gap-default\">\n\t\t\t\t\t<div class=\"elementor-column elementor-col-33 elementor-top-column elementor-element elementor-element-28def735\" data-id=\"28def735\" data-element_type=\"column\">\n\t\t\t<div class=\"elementor-widget-wrap elementor-element-populated\">\n\t\t\t\t\t\t\t\t<div class=\"elementor-element elementor-element-ffed41d elementor-view-default elementor-widget elementor-widget-icon\" data-id=\"ffed41d\" data-element_type=\"widget\" data-widget_type=\"icon.default\">\n\t\t\t\t<div class=\"elementor-widget-container\">\n\t\t\t\t\t<div class=\"elementor-icon-wrapper\">\n\t\t\t<a class=\"elementor-icon elementor-animation-push\" href=\"https:\/\/www.facebook.com\/gumiabroncsszerviz\/\">\n\t\t\t<i aria-hidden=\"true\" class=\"fab fa-facebook-square\"><\/i>\t\t\t<\/a>\n\t\t<\/div>\n\t\t\t\t<\/div>\n\t\t\t\t<\/div>\n\t\t\t\t\t<\/div>\n\t\t<\/div>\n\t\t\t\t<div class=\"elementor-column elementor-col-33 elementor-top-column elementor-element elementor-element-84b6356\" data-id=\"84b6356\" data-element_type=\"column\">\n\t\t\t<div class=\"elementor-widget-wrap elementor-element-populated\">\n\t\t\t\t\t\t\t\t<div class=\"elementor-element elementor-element-7979edd2 elementor-view-default elementor-widget elementor-widget-icon\" data-id=\"7979edd2\" data-element_type=\"widget\" data-widget_type=\"icon.default\">\n\t\t\t\t<div class=\"elementor-widget-container\">\n\t\t\t\t\t<div class=\"elementor-icon-wrapper\">\n\t\t\t<a class=\"elementor-icon elementor-animation-pulse\" href=\"https:\/\/www.google.com\/maps\/place\/BT+gumiabroncs+szerviz\/@48.0543928,20.3391804,16.75z\/data=!4m5!3m4!1s0x4740878116159d1d:0x731ae134684bc810!8m2!3d48.0545807!4d20.3409448\">\n\t\t\t<i aria-hidden=\"true\" class=\"fab fa-google\"><\/i>\t\t\t<\/a>\n\t\t<\/div>\n\t\t\t\t<\/div>\n\t\t\t\t<\/div>\n\t\t\t\t\t<\/div>\n\t\t<\/div>\n\t\t\t\t<div class=\"elementor-column elementor-col-33 elementor-top-column elementor-element elementor-element-1350fb3e\" data-id=\"1350fb3e\" data-element_type=\"column\">\n\t\t\t<div class=\"elementor-widget-wrap elementor-element-populated\">\n\t\t\t\t\t\t\t\t<div class=\"elementor-element elementor-element-6470d2ea elementor-view-default elementor-widget elementor-widget-icon\" data-id=\"6470d2ea\" data-element_type=\"widget\" data-widget_type=\"icon.default\">\n\t\t\t\t<div class=\"elementor-widget-container\">\n\t\t\t\t\t<div class=\"elementor-icon-wrapper\">\n\t\t\t<a class=\"elementor-icon elementor-animation-pulse\" href=\"http:\/\/btgumiabroncs@outlook.com\">\n\t\t\t<i aria-hidden=\"true\" class=\"far fa-envelope\"><\/i>\t\t\t<\/a>\n\t\t<\/div>\n\t\t\t\t<\/div>\n\t\t\t\t<\/div>\n\t\t\t\t\t<\/div>\n\t\t<\/div>\n\t\t\t\t\t\t\t<\/div>\n\t\t<\/section>\n\t\t\t\t<section class=\"elementor-section elementor-top-section elementor-element elementor-element-b74dd37 elementor-section-boxed elementor-section-height-default elementor-section-height-default\" data-id=\"b74dd37\" data-element_type=\"section\">\n\t\t\t\t\t\t<div class=\"elementor-container elementor-column-gap-default\">\n\t\t\t\t\t<div class=\"elementor-column elementor-col-100 elementor-top-column elementor-element elementor-element-db1f6bb\" data-id=\"db1f6bb\" data-element_type=\"column\">\n\t\t\t<div class=\"elementor-widget-wrap elementor-element-populated\">\n\t\t\t\t\t\t\t\t<div class=\"elementor-element elementor-element-ac3be21 elementor-widget elementor-widget-text-editor\" data-id=\"ac3be21\" data-element_type=\"widget\" data-widget_type=\"text-editor.default\">\n\t\t\t\t<div class=\"elementor-widget-container\">\n\t\t\t\t\t\t\t<p style=\"text-align: center;\">@2022 Minden jog fenntartva<\/p>\t\t\t\t\t\t<\/div>\n\t\t\t\t<\/div>\n\t\t\t\t\t<\/div>\n\t\t<\/div>\n\t\t\t\t\t\t\t<\/div>\n\t\t<\/section>\n\t\t\t\t\t\t\t<\/div>\n\t\t","protected":false},"excerpt":{"rendered":"<p>-Sz\u00e9lv\u00e9d\u0151jav\u00edt\u00e1s- \u00a0 A k\u00e1ty\u00fa k\u00e9pz\u0151d\u00e9s, a gumiabroncsokba szorult kavicsok, k\u00fcl\u00f6nf\u00e9le t\u00e1rgyak miatt &#8230; \u00e9s m\u00e9g sok m\u00e1s dolog okozhat s\u00e9r\u00fcl\u00e9st az aut\u00f3k sz\u00e9lv\u00e9d\u0151in. A t\u00e9li fagyok miatt a k\u0151felver\u0151d\u00e9sek k\u00f6nnyen okozhatj\u00e1k a sz\u00e9lv\u00e9d\u0151k \u00e9lettartam\u00e1nak v\u00e9g\u00e9t, hiszen ha a nedvess\u00e9g belefagy ,t\u00e9rfogat n\u00f6veked\u00e9s zajl\u00f3dik le ami fesz\u00fclts\u00e9get okoz a s\u00e9r\u00fcl\u00e9sben, \u00e9s ez \u00e1ltal tov\u00e1bb reped. A [&hellip;]<\/p>\n","protected":false},"author":1,"featured_media":0,"parent":0,"menu_order":0,"comment_status":"closed","ping_status":"closed","template":"","meta":{"footnotes":""},"class_list":["post-959","page","type-page","status-publish","hentry","entry"],"_links":{"self":[{"href":"https:\/\/btgumiabroncs.hu\/index.php?rest_route=\/wp\/v2\/pages\/959","targetHints":{"allow":["GET"]}}],"collection":[{"href":"https:\/\/btgumiabroncs.hu\/index.php?rest_route=\/wp\/v2\/pages"}],"about":[{"href":"https:\/\/btgumiabroncs.hu\/index.php?rest_route=\/wp\/v2\/types\/page"}],"author":[{"embeddable":true,"href":"https:\/\/btgumiabroncs.hu\/index.php?rest_route=\/wp\/v2\/users\/1"}],"replies":[{"embeddable":true,"href":"https:\/\/btgumiabroncs.hu\/index.php?rest_route=%2Fwp%2Fv2%2Fcomments&post=959"}],"version-history":[{"count":37,"href":"https:\/\/btgumiabroncs.hu\/index.php?rest_route=\/wp\/v2\/pages\/959\/revisions"}],"predecessor-version":[{"id":2276,"href":"https:\/\/btgumiabroncs.hu\/index.php?rest_route=\/wp\/v2\/pages\/959\/revisions\/2276"}],"wp:attachment":[{"href":"https:\/\/btgumiabroncs.hu\/index.php?rest_route=%2Fwp%2Fv2%2Fmedia&parent=959"}],"curies":[{"name":"wp","href":"https:\/\/api.w.org\/{rel}","templated":true}]}}